{"id":555,"date":"2020-09-17T09:53:01","date_gmt":"2020-09-17T09:53:01","guid":{"rendered":"http:\/\/dev.tollnet.cz\/?page_id=555"},"modified":"2022-04-05T09:26:09","modified_gmt":"2022-04-05T09:26:09","slug":"cookies","status":"publish","type":"page","link":"https:\/\/dev.tollnet.cz\/cs\/cookies\/","title":{"rendered":"JAK\u00c9 COOKIES POU\u017d\u00cdV\u00c1ME?"},"content":{"rendered":"\r\n<h3>Technick\u00e9 (nezbytn\u00e9):<\/h3>\r\n<p>Jsou to cookies a podobn\u00e9 n\u00e1stroje, bez kter\u00fdch nem\u016f\u017eete pou\u017e\u00edvat na\u0161e slu\u017eby (nap\u0159. pro spr\u00e1vn\u00e9 zobrazen\u00ed na\u0161ich webov\u00fdch str\u00e1nek \/ funkc\u00ed, kter\u00e9 chcete vyu\u017e\u00edt). Tyto cookies <b>nelze zak\u00e1zat.<\/b><br \/><br \/><\/p>\r\n<!--<h3>Analytick\u00e9 cookies:<\/h3>\r\n<p>Analytick\u00e9 cookies na na\u0161em webu jsou shroma\u017e\u010fov\u00e1ny skriptem spole\u010dnosti Google Inc., kter\u00e1 n\u00e1sledn\u011b tato data anonymizuje. Po anonymizaci ji\u017e nejde o osobn\u00ed \u00fadaje, nebo\u0165 anonymizovan\u00e9 cookies nelze p\u0159i\u0159adit konkr\u00e9tn\u00edmu u\u017eivateli, resp. konkr\u00e9tn\u00ed osob\u011b. My pracujeme v\u00fdlu\u010dn\u011b s cookies v anonymizovan\u00e9 podob\u011b. Proto nedok\u00e1\u017eeme z cookies zjistit, jak se konkr\u00e9tn\u00ed u\u017eivatel na na\u0161em webu choval (jak\u00e9 str\u00e1nky nav\u0161t\u00edvil a pod.).<\/p>\r\n<p>&nbsp;<\/p>\r\n\r\n<div><a href=\"javascript:agree(0);\" class=\"more noicon\" style=\"font-size:13px;margin: 10px;\">Povolit<\/a> <a href=\"javascript:agree(1);\"  class=\"more noicon\" style=\"font-size:13px;margin: 10px;\">Nepovolit<\/a><\/div>-->\r\n<p>&nbsp;<\/p>\r\n                <style>\r\n            .kuk {\r\n                border: 2px solid #e4e4e4;\r\n                min-width: 500px;\r\n            }\r\n            .kuk th {\r\n                background-color: #e4e4e4;\r\n            }\r\n            .kuk tr:nth-of-type(2) td{\r\n                font-weight: bold;\r\n}\r\n\r\n            .kuk td, .kuk th {\r\n                vertical-align: top;\r\n                border: 1px solid #e4e4e4;\r\n                padding: 10px;\r\n                line-height: 1.5;\r\n            }\r\n            \r\n            .sc {\r\n                overflow: auto;\r\n            }\r\n\r\n        <\/style>\r\n<div class=\"sc\">\r\n<table class=\"kuk\">\r\n                    <th colspan=\"5\">\r\n                        Technick\u00e9 (nevyhnutn\u00e9) cookies\r\n                    <\/th>\r\n                    <tr>\r\n                        <td>Cookie kl\u00ed\u010d<\/td>\r\n                        <td>Dom\u00e9na<\/td>\r\n                        <td>Typ cookie<\/td>\r\n                        <td>Expirace<\/td>\r\n                        <td>Popis<\/td>\r\n                    <\/tr>\r\n                                     <tr>\r\n                        <td>cookies22&nbsp;<\/td>\r\n                        <td>.tollnet.cz<\/td>\r\n                        <td>prvn\u00ed strana<\/td>\r\n                        <td>7 dn\u00ed<\/td>\r\n                        <td>Slou\u017e\u00ed k ulo\u017een\u00ed souhlasu host\u016f s pou\u017e\u00edv\u00e1n\u00edm soubor\u016f cookie pro nepodstatn\u00e9 \u00fa\u010dely<\/td>\r\n                    <\/tr>\r\n                                     <tr>\r\n                        <td>CONSENT<\/td>\r\n                        <td>.google.com<\/td>\r\n                        <td>t\u0159et\u00ed strana<\/td>\r\n                        <td>2 roky<\/td>\r\n                        <td>Soubor cookie HTTP (tak\u00e9 naz\u00fdvan\u00fd webov\u00fd soubor cookie, internetov\u00fd soubor cookie, soubor cookie prohl\u00ed\u017ee\u010de nebo jednodu\u0161e soubor cookie) je mal\u00e1 \u010d\u00e1st \u00fadaj\u016f odeslan\u00e1 z webu a ulo\u017een\u00e1 v po\u010d\u00edta\u010di u\u017eivatele webov\u00fdm prohl\u00ed\u017ee\u010dem u\u017eivatele b\u011bhem prohl\u00ed\u017een\u00ed. Soubory cookie byly navr\u017eeny tak, aby byly spolehliv\u00fdm mechanismem pro webov\u00e9 str\u00e1nky k zapamatov\u00e1n\u00ed stavov\u00fdch informac\u00ed (jako jsou polo\u017eky p\u0159id\u00e1ny do n\u00e1kupn\u00edho ko\u0161\u00edku v internetov\u00e9m obchod\u011b) nebo k zaznamen\u00e1v\u00e1n\u00ed aktivity u\u017eivatele p\u0159i prohl\u00ed\u017een\u00ed (v\u010detn\u011b kliknut\u00ed na konkr\u00e9tn\u00ed tla\u010d\u00edtka, p\u0159ihl\u00e1\u0161en\u00ed se nebo zaznamen\u00e1v\u00e1n\u00ed nav\u0161t\u00edven\u00fdch str\u00e1nek v minulosti). Mohou se tak\u00e9 pou\u017e\u00edt k zapamatov\u00e1n\u00ed libovoln\u00fdch informac\u00ed, kter\u00e9 u\u017eivatel p\u0159edt\u00edm zadal do pol\u00ed formul\u00e1\u0159e, jako jsou jm\u00e9na, adresy, hesla a \u010d\u00edsla kreditn\u00edch karet.<\/td>\r\n                    <\/tr>\r\n                <\/table><\/div>\r\n<br\/>\r\n<p><a style=\"color:#CF1D25; text-decoration: underline;\" href=\"http:\/\/dev.tollnet.cz\/cs\/jak-spravovat-soubory-cookie\/\">Jak spravovat soubory cookie?<\/a><\/p>","protected":false},"excerpt":{"rendered":"<p>Technick\u00e9 (nezbytn\u00e9): Jsou to cookies a podobn\u00e9 n\u00e1stroje, bez kter\u00fdch nem\u016f\u017eete pou\u017e\u00edvat na\u0161e slu\u017eby (nap\u0159. pro spr\u00e1vn\u00e9 zobrazen\u00ed na\u0161ich webov\u00fdch str\u00e1nek \/ funkc\u00ed, kter\u00e9 chcete vyu\u017e\u00edt). Tyto cookies nelze zak\u00e1zat. &nbsp; Technick\u00e9 (nevyhnutn\u00e9) cookies Cookie kl\u00ed\u010d Dom\u00e9na Typ cookie Expirace Popis cookies22&nbsp; .tollnet.cz prvn\u00ed strana 7 dn\u00ed Slou\u017e\u00ed k ulo\u017een\u00ed souhlasu host\u016f s pou\u017e\u00edv\u00e1n\u00edm soubor\u016f [&hellip;]<\/p>\n","protected":false},"author":4,"featured_media":639,"parent":0,"menu_order":0,"comment_status":"closed","ping_status":"closed","template":"post.php","meta":{"pgc_sgb_lightbox_settings":"","footnotes":""},"acf":[],"_links":{"self":[{"href":"https:\/\/dev.tollnet.cz\/cs\/wp-json\/wp\/v2\/pages\/555"}],"collection":[{"href":"https:\/\/dev.tollnet.cz\/cs\/wp-json\/wp\/v2\/pages"}],"about":[{"href":"https:\/\/dev.tollnet.cz\/cs\/wp-json\/wp\/v2\/types\/page"}],"author":[{"embeddable":true,"href":"https:\/\/dev.tollnet.cz\/cs\/wp-json\/wp\/v2\/users\/4"}],"replies":[{"embeddable":true,"href":"https:\/\/dev.tollnet.cz\/cs\/wp-json\/wp\/v2\/comments?post=555"}],"version-history":[{"count":41,"href":"https:\/\/dev.tollnet.cz\/cs\/wp-json\/wp\/v2\/pages\/555\/revisions"}],"predecessor-version":[{"id":990,"href":"https:\/\/dev.tollnet.cz\/cs\/wp-json\/wp\/v2\/pages\/555\/revisions\/990"}],"wp:featuredmedia":[{"embeddable":true,"href":"https:\/\/dev.tollnet.cz\/cs\/wp-json\/wp\/v2\/media\/639"}],"wp:attachment":[{"href":"https:\/\/dev.tollnet.cz\/cs\/wp-json\/wp\/v2\/media?parent=555"}],"curies":[{"name":"wp","href":"https:\/\/api.w.org\/{rel}","templated":true}]}}