{"id":777,"date":"2020-09-17T09:53:01","date_gmt":"2020-09-17T09:53:01","guid":{"rendered":"http:\/\/dev.tollnet.cz\/cookies\/"},"modified":"2022-04-05T09:28:21","modified_gmt":"2022-04-05T09:28:21","slug":"cookies","status":"publish","type":"page","link":"https:\/\/dev.tollnet.cz\/en\/cookies\/","title":{"rendered":"What cookies do we use?"},"content":{"rendered":"\r\n<h3>Technical (Essential) cookies:<\/h3>\r\n<p> These are cookies and similar tools without which you can not use our services (e.g. to display our website \/ functions you want to use correctly). \r\n<br\/>\r\n<b>These cookies can not be rejected.<\/b><br \/><br \/><\/p>\r\n<!--<h3>Analytick\u00e9 cookies:<\/h3>\r\n<p>Analytick\u00e9 cookies na na\u0161em webu jsou shroma\u017e\u010fov\u00e1ny skriptem spole\u010dnosti Google Inc., kter\u00e1 n\u00e1sledn\u011b tato data anonymizuje. Po anonymizaci ji\u017e nejde o osobn\u00ed \u00fadaje, nebo\u0165 anonymizovan\u00e9 cookies nelze p\u0159i\u0159adit konkr\u00e9tn\u00edmu u\u017eivateli, resp. konkr\u00e9tn\u00ed osob\u011b. My pracujeme v\u00fdlu\u010dn\u011b s cookies v anonymizovan\u00e9 podob\u011b. Proto nedok\u00e1\u017eeme z cookies zjistit, jak se konkr\u00e9tn\u00ed u\u017eivatel na na\u0161em webu choval (jak\u00e9 str\u00e1nky nav\u0161t\u00edvil a pod.).<\/p>\r\n<p>&nbsp;<\/p>\r\n\r\n<div><a href=\"javascript:agree(0);\" class=\"more noicon\" style=\"font-size:13px;margin: 10px;\">Povolit<\/a> <a href=\"javascript:agree(1);\"  class=\"more noicon\" style=\"font-size:13px;margin: 10px;\">Nepovolit<\/a><\/div>-->\r\n<p>&nbsp;<\/p>\r\n                <style>\r\n            .kuk {\r\n                border: 2px solid #e4e4e4;\r\n                min-width: 500px;\r\n            }\r\n            .kuk th {\r\n                background-color: #e4e4e4;\r\n            }\r\n            .kuk tr:nth-of-type(2) td{\r\n                font-weight: bold;\r\n}\r\n\r\n            .kuk td, .kuk th {\r\n                vertical-align: top;\r\n                border: 1px solid #e4e4e4;\r\n                padding: 10px;\r\n                line-height: 1.5;\r\n            }\r\n            \r\n            .sc {\r\n                overflow: auto;\r\n            }\r\n\r\n        <\/style>\r\n<div class=\"sc\">\r\n<table class=\"kuk\">\r\n                    <th colspan=\"5\">\r\n                        Syst\u00e9mov\u011b nezbytn\u00e9 cookies:\r\n                    <\/th>\r\n                    <tr>\r\n                        <td>Cookie name<\/td>\r\n                        <td>Domain<\/td>\r\n                        <td>Cookie type<\/td>\r\n                        <td>Expiration<\/td>\r\n                        <td>Description<\/td>\r\n                    <\/tr>\r\n                                     <tr>\r\n                        <td>cookies22&nbsp;<\/td>\r\n                        <td>.tollnet.cz<\/td>\r\n                        <td>1st party<\/td>\r\n                        <td>7 days<\/td>\r\n                        <td>Used to store guest\u00b4s consent to the use of cookies for irrelevant purposes.<\/td>\r\n                    <\/tr>\r\n                                     <tr>\r\n                        <td>CONSENT<\/td>\r\n                        <td>.google.com<\/td>\r\n                        <td>3rd party<\/td>\r\n                        <td>2 years<\/td>\r\n                        <td>An HTTP cookie (also called web cookie, Internet cookie, browser cookie, or simply cookie) is a small piece of data sent from a website and stored on the user&#8217;s computer by the user&#8217;s web browser while the user is browsing. Cookies were designed to be a reliable mechanism for websites to remember stateful information (such as items added in the shopping cart in an online store) or to record the user&#8217;s browsing activity (including clicking particular buttons, logging in, or recording which pages were visited in the past). They can also be used to remember arbitrary pieces of information that the user previously entered into form fields such as names, addresses, passwords, and credit card numbers.<\/td>\r\n                    <\/tr>\r\n                <\/table><\/div>\r\n<br\/>\r\n<p><a style=\"color:#CF1D25; text-decoration: underline;\" href=\"http:\/\/dev.tollnet.cz\/en\/how-to-manage-cookies\/\">How to manage cookies?<\/a><\/p>","protected":false},"excerpt":{"rendered":"<p>Technical (Essential) cookies: These are cookies and similar tools without which you can not use our services (e.g. to display our website \/ functions you want to use correctly). These cookies can not be rejected. &nbsp; Syst\u00e9mov\u011b nezbytn\u00e9 cookies: Cookie name Domain Cookie type Expiration Description cookies22&nbsp; .tollnet.cz 1st party 7 days Used to store [&hellip;]<\/p>\n","protected":false},"author":4,"featured_media":640,"parent":0,"menu_order":0,"comment_status":"closed","ping_status":"closed","template":"post.php","meta":{"pgc_sgb_lightbox_settings":"","footnotes":""},"acf":[],"_links":{"self":[{"href":"https:\/\/dev.tollnet.cz\/en\/wp-json\/wp\/v2\/pages\/777"}],"collection":[{"href":"https:\/\/dev.tollnet.cz\/en\/wp-json\/wp\/v2\/pages"}],"about":[{"href":"https:\/\/dev.tollnet.cz\/en\/wp-json\/wp\/v2\/types\/page"}],"author":[{"embeddable":true,"href":"https:\/\/dev.tollnet.cz\/en\/wp-json\/wp\/v2\/users\/4"}],"replies":[{"embeddable":true,"href":"https:\/\/dev.tollnet.cz\/en\/wp-json\/wp\/v2\/comments?post=777"}],"version-history":[{"count":16,"href":"https:\/\/dev.tollnet.cz\/en\/wp-json\/wp\/v2\/pages\/777\/revisions"}],"predecessor-version":[{"id":991,"href":"https:\/\/dev.tollnet.cz\/en\/wp-json\/wp\/v2\/pages\/777\/revisions\/991"}],"wp:featuredmedia":[{"embeddable":true,"href":"https:\/\/dev.tollnet.cz\/en\/wp-json\/wp\/v2\/media\/640"}],"wp:attachment":[{"href":"https:\/\/dev.tollnet.cz\/en\/wp-json\/wp\/v2\/media?parent=777"}],"curies":[{"name":"wp","href":"https:\/\/api.w.org\/{rel}","templated":true}]}}